{"id":3192,"date":"2020-10-21T22:53:28","date_gmt":"2020-10-21T20:53:28","guid":{"rendered":"http:\/\/www.valentinimarionnettes.com\/?p=3192"},"modified":"2026-01-24T11:42:15","modified_gmt":"2026-01-24T10:42:15","slug":"biographie","status":"publish","type":"page","link":"https:\/\/www.valentinimarionnettes.com\/fr_fr\/biographie\/","title":{"rendered":"Biographie"},"content":{"rendered":"\n<p class=\"has-text-align-left\">Elle est n\u00e9e et a grandi dans le sud de l\u2019Italie. En 1998, lors d\u2019un week end de protestation internationale contre la guerre du Kosovo, elle prend le train pour Paris d\u2019o\u00f9 elle oublie de repartir. Ici, elle d\u00e9couvre le th\u00e9\u00e2tre et les festivals des arts de la rue, le cin\u00e9ma, la photographie, la musique&#8230; Elle s\u2019inscrit \u00e0 Paris 8 et en m\u00eame temps que ses \u00e9tudes de cin\u00e9ma, elle se forme \u00e0 la construction de marionnettes et travaille r\u00e9guli\u00e8rement sur des projets artistiques divers tels que la r\u00e9alisation d\u2019un film d\u2019animation avec des personnages articul\u00e9s <em>Kitsch Kong<\/em>&nbsp;et la direction d\u2019un atelier de marionnettes de la Mairie de Paris.<\/p>\n\n\n\n<p class=\"has-text-align-left\">Apr\u00e8s l&rsquo;obtention du dipl\u00f4me universitaire de programmatrice cin\u00e9ma, Valentina Valentini exerce diff\u00e9rents m\u00e9tiers : monteuse vid\u00e9o, cadreuse, charg\u00e9e de collections de cin\u00e9ma d\u2019astronomie \u00e0 l\u2019Observatoire de Meudon et de cin\u00e9ma sur l\u2019art au Centre Pompidou.<\/p>\n\n\n\n<p class=\"has-text-align-left\">Dans les moments libres, entre deux films, deux montages, elle fabrique toujours des marionnettes.<\/p>\n\n\n\n<p class=\"has-text-align-left\">Un beau jour de 2015, elle d\u00e9cide de quitter le monde professionnel du cin\u00e9ma pour se d\u00e9dier enti\u00e8rement aux arts de la marionnette. Elle rejoint l\u2019\u00e9quipe de marionnettistes de <em>Manipul\u00e9s du lundi de La Nef Manufacture d\u2019Utopie<\/em>,&nbsp;puis part \u00e0 Naples pour se former aupr\u00e8s de <em>Bruno Leone<\/em>, avant de travailler avec <em>Diego Stirman<\/em> pendant un an sur la r\u00e9gie technique de ses spectacles et la construction de marionnettes \u00e0 gaine en latex.<\/p>\n\n\n\n<p class=\"has-text-align-left\">En 2017, elle cr\u00e9e son premier spectacle,&nbsp;<strong>Imbroglio<\/strong>, avec l\u2019aide \u00e0 la mise en sc\u00e8ne d\u2019Anne Carrard (Compagnie Les Anges Mi-chus) et la sc\u00e9nographie de Diego Stirman.<\/p>\n\n\n\n<p>En 2018, elle int\u00e8gre la formation annuelle professionnelle d\u2019acteur marionnettiste dispens\u00e9e par le&nbsp;<strong>Th\u00e9\u00e2tre aux Mains Nues<\/strong>, o\u00f9 elle d\u00e9couvre le travail d\u2019artistes tels que&nbsp;<strong>Samuel Beckett, Alice Laloy, Mathieu Enderlin ou Claire Heggen<\/strong>.<\/p>\n\n\n\n<p>Engag\u00e9e par diverses compagnies et associations (Collectif Fokus, M\u00f4m\u2019artre, Compagnie Cambalache, Compagnie Fil de Soie, Compagnie Lynx, Compagnie Les Abougazelles cent t\u00eates, Compagnie des Inachev\u00e9s, etc), elle anime des ateliers de th\u00e9\u00e2tre de marionnettes aupr\u00e8s de publics vari\u00e9s : personnes en situation de handicap, personnes \u00e2g\u00e9es, enfants et familles.<\/p>\n\n\n\n<p>En 2020, elle cr\u00e9e le spectacle&nbsp;<strong>La chanson de Pulcinella<\/strong>, inspir\u00e9 des canevas de&nbsp;<em>guarattelle<\/em>, traditions napolitaines de marionnettes \u00e0 gaine, et prend la direction artistique de la compagnie&nbsp;<strong>Les Abougazelles cent t\u00eates<\/strong>. Cette cr\u00e9ation remporte le&nbsp;<strong>Prix Marionnettes Tiburce Koffi<\/strong>&nbsp;au&nbsp;<strong>Festif\u00e9e 2023<\/strong>&nbsp;(Mairie du 17e arrondissement de Paris) et le&nbsp;<strong>Prix Marionnettes Neba Bienvenu<\/strong>&nbsp;au&nbsp;<strong>Festif\u00e9e 2024<\/strong>&nbsp;(centre culturel Jah Live, Grand-Bassam, C\u00f4te d\u2019Ivoire)<\/p>\n\n\n\n<p>En 2025, elle ach\u00e8ve la cr\u00e9ation d\u2019un nouveau spectacle de \u00a0<em>guarattelle<\/em>,\u00a0<strong>Pulcinella mon amour<\/strong>, soutenu par plusieurs organismes, dont le\u00a0<strong>Centre Paris Anim\u2019 Mado Robin<\/strong>, le\u00a0<strong>Th\u00e9\u00e2tre aux Mains Nues<\/strong>\u00a0et le\u00a0<strong>Th\u00e9\u00e2tre de la Halle Roublot<\/strong>. Dans l\u2019ensemble de ses spectacles, elle assume une d\u00e9marche artistique compl\u00e8te :\u00a0constructrice, interpr\u00e8te et metteuse en sc\u00e8ne. Elle sculpte elle-m\u00eame ses marionnettes en bois avec les gouges, donnant \u00e0 ses cr\u00e9ations une pr\u00e9sence singuli\u00e8re et artisanale, intimement li\u00e9e au geste.<\/p>\n\n\n\n<p>La m\u00eame ann\u00e9e, Valentina rencontre&nbsp;Valerio Zaina, com\u00e9dien et musicien. Ensemble, ils projettent une nouvelle cr\u00e9ation, m\u00ealant marionnette, jeu et musique, avec l\u2019accompagnement \u00e0 l\u2019\u00e9criture de l\u2019artiste marionnettiste Tina Pezzini, de la compagnie&nbsp;<strong>Teatro dei Giovani di Lodi<\/strong>&nbsp;(Italie).<\/p>\n\n\n\n<p><\/p>\n\n\n\n<p><\/p>\n\n\n\n<h6 class=\"wp-block-heading\"><strong>Photo de Marie-Charlotte Loreille<\/strong><\/h6>\n\n\n\n<p><\/p>\n","protected":false},"excerpt":{"rendered":"<p>Elle est n\u00e9e et a grandi dans le sud de l\u2019Italie. En 1998, lors d\u2019un week end de protestation internationale contre la guerre du Kosovo, elle prend le train pour &hellip; <\/p>\n<p class=\"link-more\"><a href=\"https:\/\/www.valentinimarionnettes.com\/fr_fr\/biographie\/\" class=\"more-link\">Continuer la lecture<span class=\"screen-reader-text\"> de &laquo;&nbsp;Biographie&nbsp;&raquo;<\/span><\/a><\/p>\n","protected":false},"author":1,"featured_media":5535,"parent":0,"menu_order":0,"comment_status":"closed","ping_status":"closed","template":"","meta":{"footnotes":""},"class_list":["post-3192","page","type-page","status-publish","has-post-thumbnail","hentry"],"_links":{"self":[{"href":"https:\/\/www.valentinimarionnettes.com\/fr_fr\/wp-json\/wp\/v2\/pages\/3192","targetHints":{"allow":["GET"]}}],"collection":[{"href":"https:\/\/www.valentinimarionnettes.com\/fr_fr\/wp-json\/wp\/v2\/pages"}],"about":[{"href":"https:\/\/www.valentinimarionnettes.com\/fr_fr\/wp-json\/wp\/v2\/types\/page"}],"author":[{"embeddable":true,"href":"https:\/\/www.valentinimarionnettes.com\/fr_fr\/wp-json\/wp\/v2\/users\/1"}],"replies":[{"embeddable":true,"href":"https:\/\/www.valentinimarionnettes.com\/fr_fr\/wp-json\/wp\/v2\/comments?post=3192"}],"version-history":[{"count":75,"href":"https:\/\/www.valentinimarionnettes.com\/fr_fr\/wp-json\/wp\/v2\/pages\/3192\/revisions"}],"predecessor-version":[{"id":5544,"href":"https:\/\/www.valentinimarionnettes.com\/fr_fr\/wp-json\/wp\/v2\/pages\/3192\/revisions\/5544"}],"wp:featuredmedia":[{"embeddable":true,"href":"https:\/\/www.valentinimarionnettes.com\/fr_fr\/wp-json\/wp\/v2\/media\/5535"}],"wp:attachment":[{"href":"https:\/\/www.valentinimarionnettes.com\/fr_fr\/wp-json\/wp\/v2\/media?parent=3192"}],"curies":[{"name":"wp","href":"https:\/\/api.w.org\/{rel}","templated":true}]}}