{"id":3406,"date":"2020-11-25T16:29:57","date_gmt":"2020-11-25T15:29:57","guid":{"rendered":"http:\/\/www.valentinimarionnettes.com\/?page_id=3406"},"modified":"2026-03-05T19:15:35","modified_gmt":"2026-03-05T18:15:35","slug":"spectacles","status":"publish","type":"page","link":"https:\/\/www.valentinimarionnettes.com\/fr_fr\/spectacles\/","title":{"rendered":"Spectacles"},"content":{"rendered":"\n<h2 class=\"wp-block-heading\"><strong>Pulcinella mon amour<\/strong><\/h2>\n\n\n<div class=\"wp-block-image\">\n<figure class=\"alignright size-large is-resized\"><img loading=\"lazy\" decoding=\"async\" width=\"793\" height=\"1024\" src=\"http:\/\/www.valentinimarionnettes.com\/wp-content\/uploads\/2022\/02\/Pulci_family-793x1024.jpg\" alt=\"\" class=\"wp-image-4633\" style=\"width:184px;height:237px\" srcset=\"https:\/\/www.valentinimarionnettes.com\/wp-content\/uploads\/2022\/02\/Pulci_family-793x1024.jpg 793w, https:\/\/www.valentinimarionnettes.com\/wp-content\/uploads\/2022\/02\/Pulci_family-232x300.jpg 232w, https:\/\/www.valentinimarionnettes.com\/wp-content\/uploads\/2022\/02\/Pulci_family-768x992.jpg 768w, https:\/\/www.valentinimarionnettes.com\/wp-content\/uploads\/2022\/02\/Pulci_family-1189x1536.jpg 1189w, https:\/\/www.valentinimarionnettes.com\/wp-content\/uploads\/2022\/02\/Pulci_family-9x12.jpg 9w, https:\/\/www.valentinimarionnettes.com\/wp-content\/uploads\/2022\/02\/Pulci_family.jpg 1516w\" sizes=\"auto, (max-width: 706px) 89vw, (max-width: 767px) 82vw, 740px\" \/><\/figure>\n<\/div>\n\n\n<p>Spectacle de marionnettes \u00e0 gaine librement inspir\u00e9 des canevas traditionnels et de l\u2019\u0153uvre de 1981<em> Lo spettacolo di Carnevale<\/em> de Bruno Leone<\/p>\n\n\n\n<p><em>Dur\u00e9e 35 minutes env.&nbsp;&nbsp;A partir de 5 ans jusqu&rsquo;\u00e0 110 ans.<\/em> Cr\u00e9ation 2025, avant premi\u00e8re le 21\/04\/2025 et premi\u00e8re le 27\/04\/2025<\/p>\n\n\n\n<p>Production de<em> Les abougazelles cent t\u00eates<\/em>. Avec Valentina Valentini marionnettiste et Fran\u00e7ois Collombon \/ Valerio Zaina musiciens.<\/p>\n\n\n\n<p>Soutiens : <em><strong><em>Paris Anim&rsquo;Rebeval<\/em>, Th\u00e9\u00e2tre aux Mains Nues, Casa delle Guarattelle, Th\u00e9\u00e2tre Halle Roublot, Centre Paris Anim&rsquo;Mado Robin<\/strong><\/em>, <strong><em>Compagnie du Lynx, Plateau Urbain, Ligue de l&rsquo;Enseignement<\/em><\/strong>, <em><strong>Poppesp\u00ebnnchen<\/strong><\/em>.<\/p>\n\n\n\n<p><strong>Synopsis :<\/strong> <br>Pulcinella, malgr\u00e9 son irr\u00e9sistible envie de dormir, d\u00e9cide de faire plaisir \u00e0 sa fianc\u00e9e en lui chantant une s\u00e9r\u00e9nade d\u2019amour. Cependant, ce geste, apparemment anodin, le plonge dans une aventure folle o\u00f9 il se retrouve confront\u00e9 \u00e0 des situations aussi loufoques qu\u2019impr\u00e9visibles. Au cours de son p\u00e9riple, il croise d\u2019abord une poule, puis un coq, dans un encha\u00eenement de fantaisie et de p\u00e9rip\u00e9ties. L\u2019apog\u00e9e de cette aventure survient lorsque Pulcinella, pris dans une diablerie orchestr\u00e9e par le coq et le Diable lui-m\u00eame, doit affronter l\u2019\u00e9preuve la plus rocambolesque de sa vie : donner naissance \u00e0 une ribambelle de petits Pulcinella \u00e0 partir d\u2019un oeuf magique. Le spectacle est rythm\u00e9 par une musique joyeuse et entra\u00eenante qui insuffle une \u00e9nergie unique \u00e0 l\u2019ensemble.<\/p>\n\n\n\n<div class=\"wp-block-buttons is-content-justification-center is-layout-flex wp-container-core-buttons-is-layout-16018d1d wp-block-buttons-is-layout-flex\">\n<div class=\"wp-block-button is-style-outline is-style-outline--1\"><a class=\"wp-block-button__link wp-element-button\" href=\"https:\/\/www.valentinimarionnettes.com\/wp-content\/uploads\/2026\/01\/PulciMonAmour-it.pdf\" target=\"_blank\" rel=\"noreferrer noopener\"><strong>Scheda<\/strong><em> &#8211; Pulcinella mon amour<\/em>&#8211;<em><strong>italiano<\/strong><\/em><\/a><\/div>\n\n\n\n<div class=\"wp-block-button is-style-outline is-style-outline--2\"><a class=\"wp-block-button__link wp-element-button\" href=\"https:\/\/www.valentinimarionnettes.com\/wp-content\/uploads\/2026\/01\/PulcinellaMonAmour-ES.pdf\" target=\"_blank\" rel=\"noreferrer noopener\"><strong> dossier del espect\u00e1culo<\/strong> &#8211; <em>Pulcinella mon amour<\/em>&#8211;<strong>es<em>pa\u00f1ol<\/em><\/strong><\/a><\/div>\n\n\n\n<div class=\"wp-block-button is-style-outline is-style-outline--3\"><a class=\"wp-block-button__link wp-element-button\" href=\"https:\/\/www.valentinimarionnettes.com\/wp-content\/uploads\/2026\/01\/PulciMonAmour-FR-V.V.pdf\" target=\"_blank\" rel=\"noreferrer noopener\"><strong>Dossier<\/strong> &#8211; <em>Pulcinella mon amour<\/em>&#8211;<em><strong>fran\u00e7ais<\/strong><\/em><\/a><\/div>\n\n\n\n<div class=\"wp-block-button is-style-outline is-style-outline--4\"><a class=\"wp-block-button__link wp-element-button\" href=\"https:\/\/www.valentinimarionnettes.com\/wp-content\/uploads\/2026\/01\/PulciMonAmour-EN.pdf\"><strong>Show dossier<\/strong> &#8211; <em>Pulcinella mon amour<\/em>&#8211;<em><strong>english<\/strong><\/em><\/a><\/div>\n<\/div>\n\n\n\n<figure class=\"wp-block-embed is-type-video is-provider-youtube wp-block-embed-youtube wp-embed-aspect-16-9 wp-has-aspect-ratio\"><div class=\"wp-block-embed__wrapper\">\n<iframe loading=\"lazy\" title=\"Teaser Pulcinella Mon Amour\" width=\"525\" height=\"295\" src=\"https:\/\/www.youtube.com\/embed\/dfA4YNGI4b0?feature=oembed\" frameborder=\"0\" allow=\"accelerometer; autoplay; clipboard-write; encrypted-media; gyroscope; picture-in-picture; web-share\" referrerpolicy=\"strict-origin-when-cross-origin\" allowfullscreen><\/iframe>\n<\/div><figcaption class=\"wp-element-caption\"><strong>Teaser <em>Pulcinella mon amour<\/em><\/strong><\/figcaption><\/figure>\n\n\n\n<h2 class=\"wp-block-heading has-black-color has-text-color\"><\/h2>\n\n\n\n<blockquote class=\"wp-block-quote is-layout-flow wp-block-quote-is-layout-flow\">\n<p><a href=\"https:\/\/www.instagram.com\/p\/DRjrRcBjMwb\/?utm_source=ig_embed&amp;utm_campaign=loading\" target=\"_blank\" rel=\"noreferrer noopener\">Une publication partag\u00e9e par Alliance Fran\u00e7aise Strasbourg Europe (@afstrasbourg)<\/a><\/p>\n<\/blockquote>\n\n\n\n<p><strong>La chanson de Pulcinella<\/strong><\/p>\n\n\n<div class=\"wp-block-image\">\n<figure class=\"alignleft size-large is-resized\"><img loading=\"lazy\" decoding=\"async\" width=\"740\" height=\"1024\" src=\"http:\/\/www.valentinimarionnettes.com\/wp-content\/uploads\/2020\/10\/Manip2-740x1024.jpg\" alt=\"\" class=\"wp-image-3214\" style=\"width:178px;height:246px\" srcset=\"https:\/\/www.valentinimarionnettes.com\/wp-content\/uploads\/2020\/10\/Manip2-740x1024.jpg 740w, https:\/\/www.valentinimarionnettes.com\/wp-content\/uploads\/2020\/10\/Manip2-217x300.jpg 217w, https:\/\/www.valentinimarionnettes.com\/wp-content\/uploads\/2020\/10\/Manip2-768x1063.jpg 768w, https:\/\/www.valentinimarionnettes.com\/wp-content\/uploads\/2020\/10\/Manip2.jpg 1117w\" sizes=\"auto, (max-width: 706px) 89vw, (max-width: 767px) 82vw, 740px\" \/><\/figure>\n<\/div>\n\n\n<p>Cr\u00e9ation fin 2020 de et avec Valentina Valentini.<\/p>\n\n\n\n<p><em>Spectacle de marionnettes \u00e0 gaine inspir\u00e9 de canevas traditionnels napolitains. Dur\u00e9e 40 minutes. A partir de 5 ans jusqu\u2019\u00e0 110 ans.<\/em><\/p>\n\n\n\n<p><strong>Synopsis<\/strong><\/p>\n\n\n\n<p>Pulcinella, pour conqu\u00e9rir sa fianc\u00e9e Teresina, est d\u00e9termin\u00e9 \u00e0 lui chanter une chanson. Mais divers personnages veulent l\u2019en emp\u00eacher : son ennemi depuis toujours Don Pasquale, le chien et la mort. Le final est tragicomique et l\u2019amour avec Pulcinella triomphe toujours !<\/p>\n\n\n\n<div class=\"wp-block-buttons is-horizontal is-content-justification-center is-layout-flex wp-container-core-buttons-is-layout-499968f5 wp-block-buttons-is-layout-flex\">\n<div class=\"wp-block-button has-custom-width wp-block-button__width-100 is-style-outline is-style-outline--5\"><a class=\"wp-block-button__link wp-element-button\" href=\"https:\/\/www.valentinimarionnettes.com\/wp-content\/uploads\/2024\/11\/DT-ChansonPulcinella-06-11-2024.pdf\" target=\"_blank\" rel=\"noreferrer noopener\">Dossier La chanson de Pulcinella -fr<\/a><\/div>\n\n\n\n<div class=\"wp-block-button has-custom-width wp-block-button__width-100 is-style-outline is-style-outline--6\"><a class=\"wp-block-button__link wp-element-button\" href=\"https:\/\/www.valentinimarionnettes.com\/wp-content\/uploads\/2024\/01\/DT-ChansonPulcinella-2024-IT.pdf\" target=\"_blank\" rel=\"noreferrer noopener\">Scheda La canzone di Pulcinella -it<\/a><\/div>\n\n\n\n<div class=\"wp-block-button has-custom-width wp-block-button__width-100 is-style-outline is-style-outline--7\"><a class=\"wp-block-button__link wp-element-button\" href=\"https:\/\/www.valentinimarionnettes.com\/wp-content\/uploads\/2024\/01\/DT-ChansonPulcinella-ESP-2024.pdf\" target=\"_blank\" rel=\"noreferrer noopener\">Dossier La canci\u00f3n de Pulcinella -es<\/a><\/div>\n<\/div>\n\n\n\n<div class=\"wp-block-group\"><div class=\"wp-block-group__inner-container is-layout-flow wp-block-group-is-layout-flow\">\n<div class=\"wp-block-group alignfull\"><div class=\"wp-block-group__inner-container is-layout-constrained wp-block-group-is-layout-constrained\"><\/div><\/div>\n<\/div><\/div>\n\n\n\n<h2 class=\"wp-block-heading has-black-color has-text-color\" id=\"block-101ad655-532d-401a-941d-5e1a7f4f3641\"><strong>Imbroglio<\/strong>&nbsp;<\/h2>\n\n\n\n<p id=\"block-1f78cd0e-d41d-455c-8b07-5777c3795ff3\">Cr\u00e9ation 2017 de et avec Valentina Valentini.<\/p>\n\n\n\n<p id=\"block-266a3eb1-045f-4609-bdf7-fbf950069fa1\"><em>Spectacle de marionnettes \u00e0 gaine, dur\u00e9e 15 minutes.&nbsp;&nbsp;A partir de 3 ans jusqu&rsquo;\u00e0 110 ans.<\/em><\/p>\n\n\n<div class=\"wp-block-image\">\n<figure class=\"alignright size-large is-resized\"><img loading=\"lazy\" decoding=\"async\" width=\"986\" height=\"1024\" src=\"http:\/\/www.valentinimarionnettes.com\/wp-content\/uploads\/2020\/10\/Boite-986x1024.jpg\" alt=\"\" class=\"wp-image-3212\" style=\"width:339px;height:351px\" srcset=\"https:\/\/www.valentinimarionnettes.com\/wp-content\/uploads\/2020\/10\/Boite-986x1024.jpg 986w, https:\/\/www.valentinimarionnettes.com\/wp-content\/uploads\/2020\/10\/Boite-289x300.jpg 289w, https:\/\/www.valentinimarionnettes.com\/wp-content\/uploads\/2020\/10\/Boite-768x798.jpg 768w, https:\/\/www.valentinimarionnettes.com\/wp-content\/uploads\/2020\/10\/Boite.jpg 1859w\" sizes=\"auto, (max-width: 706px) 89vw, (max-width: 767px) 82vw, 740px\" \/><\/figure>\n<\/div>\n\n\n<p id=\"block-170d5063-5fe4-49d5-9598-b9d4f7814e01\"><strong>Synopsis<\/strong><\/p>\n\n\n\n<p id=\"block-ccece0ca-0210-440d-b233-cb12ea84b36f\">&#8230;Elle porte avec fiert\u00e9 sa bo\u00eete, qu\u2019elle imagine vide et l\u00e9g\u00e8re. Mais surprise !!!!! Elle voit surgir de son fond un \u00e9trange personnage qui semble loin d\u2019\u00eatre sot. Sto\u00efque, le petit bonhomme termine sa marche, il lui semble que tout le monde le regarde et puis soudain, un objet appara\u00eet. Qu\u2019est-ce que c\u2019est ? Est-ce cette femme derri\u00e8re lui qui essaye de lui jouer des tours ? Tr\u00e8s vite une complicit\u00e9 s\u2019installe&#8230;et puis un autre objet appara\u00eet et puis encore un autre&#8230; mais notre h\u00e9ros n\u2019a pas encore trouv\u00e9 ce qui lui manquait profond\u00e9ment&#8230;<\/p>\n\n\n\n<div class=\"wp-block-buttons is-layout-flex wp-block-buttons-is-layout-flex\">\n<div class=\"wp-block-button is-style-outline is-style-outline--8\"><a class=\"wp-block-button__link wp-element-button\" href=\"http:\/\/www.valentinimarionnettes.com\/wp-content\/uploads\/2021\/04\/Imbroglio-dossier-technique-Abugazelles-Fr-An.pdf\"><strong>Dossier <\/strong>Imbroglio<\/a><\/div>\n<\/div>\n\n\n\n<p>\u00a0<\/p>\n<p>\u00a0<\/p>\n<p>\u00a0<\/p>\n<p>\u00a0<\/p>\n<p>\u00a0<\/p>\n<p>\u00a0<\/p>\n<p>\u00a0<\/p>\n<p>\u00a0<\/p>\n<p>\u00a0<\/p>\n<p>\u00a0<\/p>\n<p>\u00a0<\/p>\n<p>\u00a0<\/p>\n<p>\u00a0<\/p>\n<p>\u00a0<\/p>\n\n\n\n<p><\/p>\n\n\n\n\n\n\n\n\n\n\n\n\n\n\n\n\n\n<div class=\"wp-block-buttons is-layout-flex wp-block-buttons-is-layout-flex\">\n\n<\/div>\n\n\n\n<p><\/p>\n","protected":false},"excerpt":{"rendered":"<p>Pulcinella mon amour Spectacle de marionnettes \u00e0 gaine librement inspir\u00e9 des canevas traditionnels et de l\u2019\u0153uvre de 1981 Lo spettacolo di Carnevale de Bruno Leone Dur\u00e9e 35 minutes env.&nbsp;&nbsp;A partir &hellip; <\/p>\n<p class=\"link-more\"><a href=\"https:\/\/www.valentinimarionnettes.com\/fr_fr\/spectacles\/\" class=\"more-link\">Continuer la lecture<span class=\"screen-reader-text\"> de &laquo;&nbsp;Spectacles&nbsp;&raquo;<\/span><\/a><\/p>\n","protected":false},"author":1,"featured_media":0,"parent":0,"menu_order":0,"comment_status":"closed","ping_status":"closed","template":"","meta":{"footnotes":""},"class_list":["post-3406","page","type-page","status-publish","hentry"],"_links":{"self":[{"href":"https:\/\/www.valentinimarionnettes.com\/fr_fr\/wp-json\/wp\/v2\/pages\/3406","targetHints":{"allow":["GET"]}}],"collection":[{"href":"https:\/\/www.valentinimarionnettes.com\/fr_fr\/wp-json\/wp\/v2\/pages"}],"about":[{"href":"https:\/\/www.valentinimarionnettes.com\/fr_fr\/wp-json\/wp\/v2\/types\/page"}],"author":[{"embeddable":true,"href":"https:\/\/www.valentinimarionnettes.com\/fr_fr\/wp-json\/wp\/v2\/users\/1"}],"replies":[{"embeddable":true,"href":"https:\/\/www.valentinimarionnettes.com\/fr_fr\/wp-json\/wp\/v2\/comments?post=3406"}],"version-history":[{"count":129,"href":"https:\/\/www.valentinimarionnettes.com\/fr_fr\/wp-json\/wp\/v2\/pages\/3406\/revisions"}],"predecessor-version":[{"id":5577,"href":"https:\/\/www.valentinimarionnettes.com\/fr_fr\/wp-json\/wp\/v2\/pages\/3406\/revisions\/5577"}],"wp:attachment":[{"href":"https:\/\/www.valentinimarionnettes.com\/fr_fr\/wp-json\/wp\/v2\/media?parent=3406"}],"curies":[{"name":"wp","href":"https:\/\/api.w.org\/{rel}","templated":true}]}}