{"id":5,"date":"2020-10-15T23:22:19","date_gmt":"2020-10-15T21:22:19","guid":{"rendered":"http:\/\/www.valentinimarionnettes.com\/?p=5"},"modified":"2026-04-10T17:46:34","modified_gmt":"2026-04-10T15:46:34","slug":"pulcinella-et-le-chien","status":"publish","type":"page","link":"https:\/\/www.valentinimarionnettes.com\/fr_fr\/pulcinella-et-le-chien\/","title":{"rendered":"Dates"},"content":{"rendered":"\n<p><mark><strong>Tourn\u00e9e 2026<\/strong><\/mark><\/p>\n\n\n\n<p>12 f\u00e9vrier 13h30, <strong><em>Pulcinella mon amour<\/em><\/strong>, Cie Les abougazelles cent t\u00eates, Coll\u00e8ge Galois, Sevran<\/p>\n\n\n\n<p>2 avril, 10h et 11h,<em><strong> Doudou<\/strong>,<\/em> Cie Graines de cailloux, Ferme de Tournelles, Chessy<\/p>\n\n\n\n<p>11 avril ,<em> <strong>Doudou<\/strong>,<\/em> Cie Graines de cailloux, m\u00e9diath\u00e8que de Conflans Saint Honorine<\/p>\n\n\n\n<p>21-24 mai, <strong><em>Pulcinella mon amour<\/em><\/strong>, Cie Les abougazelles cent t\u00eates, <em>Festival marionnettes sauvages,<\/em> Luxembourg<\/p>\n\n\n\n<p>7 &#8211; 10 octobre \u00e0 Paris,  <strong><em><strong><em>La chanson de Pulcin<\/em><\/strong>ella<\/em><\/strong>, Cie Les abougazelles cent t\u00eates, <em>FESTIF\u00c9ES<\/em>, Paris<\/p>\n\n\n\n<p><strong>Tourn\u00e9e 2025<\/strong> <\/p>\n\n\n\n<p>avec la <em>Cie Les abougazelles cent t\u00eates<\/em> :<\/p>\n\n\n\n<p>6 mars 11h10 et 13h30, <strong><em><strong><em>La chanson de Pulcin<\/em><\/strong>ella<\/em> <\/strong>(en italien), <em>Coll\u00e8ge Evariste Galois<\/em>, Sevran<\/p>\n\n\n\n<p>21 avril 17h30, avant premi\u00e8re, <strong><em>Pulcinella mon amou<\/em><\/strong>r, <em>Les Arches Citoyennes<\/em>, Paris<\/p>\n\n\n\n<p>27 avril, <strong><em>Pulcinella mon amou<\/em><\/strong>r, <em>Poppesp\u00ebnnchen<\/em>, Lasauvage, Luxembourg<\/p>\n\n\n\n<p>27 septembre, <strong><em><strong><em>La chanson de Pulcin<\/em><\/strong>ella<\/em><\/strong>, <em>Festival Conter en plein air<\/em>, Paris 18<\/p>\n\n\n\n<p>15 et 29 octobre, <strong><em>Pulcinella mon amour<\/em><\/strong>, <em>Festival Conter en plein air<\/em>, Paris 18<\/p>\n\n\n\n<p>26 novembre, 19h, <strong><em>Pulcinella mon amour<\/em><\/strong>, <em>Alliance Fran\u00e7aise Strasbourg Europe<\/em><\/p>\n\n\n\n<p>29 et 30 novembre, 14 d\u00e9cembre, 2 s\u00e9ances par jour 15h30 et 16h30, <strong><em>Pulcinella mon amour<\/em><\/strong>, <em>Th\u00e9\u00e2tre de marionnettes du parc Georges Brassens<\/em>, Paris 15<\/p>\n\n\n\n<p>13 d\u00e9cembre, 14h, <strong><em>Pulcinella mon amour<\/em><\/strong>, <em>Mairie de Grisolles, 02210 <\/em><\/p>\n\n\n\n<p>22 d\u00e9cembre, \u00e9cole \u00e9l\u00e9mentaire &#8211; Paris 18<\/p>\n\n\n\n<p class=\"has-luminous-vivid-orange-color has-text-color\"><strong>Tourn\u00e9e 2024<\/strong><\/p>\n\n\n\n<p>avec la <em>Cie Les abougazelles cent t\u00eates<\/em> :<\/p>\n\n\n\n<p class=\"has-black-color has-text-color\">12 juin 9h et 11h, <strong><em><strong><em>La chanson de Pulcin<\/em><\/strong>ella<\/em> <\/strong>(en italien), Coll\u00e8ge Evariste Galois , Sevran<\/p>\n\n\n\n<p>30 juin, <strong><em><strong><em>La chanson de Pulcin<\/em><\/strong>ella<\/em> &#8211; <em>Poppesp\u00ebnnchen<\/em>,<\/strong> Lasauvage, Luxembourg<\/p>\n\n\n\n<p>3 juillet \u00e0 11h, <strong><em>La chanson de Pulcinella<\/em><\/strong>, Mairie de Morangis<\/p>\n\n\n\n<p>13 juillet, <strong><em><strong><em>La chanson de Pulcin<\/em><\/strong>ella<\/em><\/strong>, <em>Mairie de Gouaix<\/em> 77114<\/p>\n\n\n\n<p>25 septembre 15h, <strong><em><strong><em>La chanson de Pulcin<\/em><\/strong>ella<\/em> <\/strong>,<em> Festival Conter en plein air<\/em>, Paris 18<\/p>\n\n\n\n<p class=\"has-black-color has-text-color has-link-color wp-elements-7c1fbb6772e6a1012339b29eb76feae2\">25 octobre de 17h30, <strong><em><strong><em>La chanson de Pulcin<\/em><\/strong>ella<\/em><\/strong>, <em>Festival Festif\u00e9e<\/em>, Centre culturel JAH LIVE Grand-Bassam, C\u00f4te d&rsquo;Ivoire &#8211;<strong><mark style=\"background-color:rgba(0, 0, 0, 0)\" class=\"has-inline-color has-luminous-vivid-orange-color\">LAUR\u00c9<\/mark><\/strong><strong><mark style=\"background-color:rgba(0, 0, 0, 0)\" class=\"has-inline-color has-luminous-vivid-orange-color\">AT DU PRIX MARIONNETTES NEBA BIENVENU 2024<\/mark><\/strong><\/p>\n\n\n\n<p class=\"has-black-color has-text-color\">24 novembre,<strong><em>  <strong><em><strong><em>La chanson de Pulcin<\/em><\/strong>ella<\/em><\/strong><\/em>&#8211; <\/strong><em><strong>Poppesp\u00ebnnchen<\/strong><\/em>, Lasauvage, Luxembourg<\/p>\n\n\n\n<p>20 d\u00e9cembre, <strong><em> <strong><em><strong><em>La chanson de Pulcin<\/em><\/strong>ella<\/em><\/strong><\/em><\/strong>, <em>Cit\u00e9s Caritas<\/em>, Paris&nbsp;<\/p>\n\n\n\n<p>25 d\u00e9cembre 16h,  <strong><em><strong><em>La chanson de Pulcin<\/em><\/strong>ella<\/em><\/strong>, Ehpad, <em>Le verger de Vincennes<\/em><\/p>\n\n\n\n<p class=\"has-vivid-cyan-blue-color has-text-color\"><strong><strong>La chanson de Pulcinella &#8211; Tourn\u00e9e 202<\/strong>3<\/strong><\/p>\n\n\n\n<p>avec la <em>Cie Les abougazelles cent t\u00eates<\/em> :<\/p>\n\n\n\n<p>14 f\u00e9vrier,<strong><em> Societ\u00e0 Dante Alighieri<\/em><\/strong>, B\u00e2le, Suisse<\/p>\n\n\n\n<p>29 mars,<strong> <em>Institut Culturel Italien<\/em><\/strong>, Strasbourg <\/p>\n\n\n\n<p>30 avril, <em><strong>Poppesp\u00ebnnchen<\/strong><\/em>, Lasauvage, Luxembourg<\/p>\n\n\n\n<p>10 juin, 3 repr\u00e9sentations \u00e0 11h30, 14h et 16h, <strong><em>Mairie de &nbsp;L&rsquo;Ha\u00ff-les-Roses<\/em><\/strong><\/p>\n\n\n\n<p>11 juillet, <strong><em>Festival \u00c9t\u00e9 \u00e0 Eaubonne<\/em><\/strong><\/p>\n\n\n\n<p>24-28 juillet, <strong><em>Festival Marionnettes dans la nature<\/em><\/strong>, Vassieux en Vercors<\/p>\n\n\n\n<p>25 Juillet \u00e0 16h <em><strong>Association Familiale<\/strong><\/em>, Sainte \u00c9gr\u00e8ve<\/p>\n\n\n\n<p>23 ao\u00fbt 14h, <strong><em>Festival Et\u00e9 culturel<\/em><\/strong>, Souppes sur Loing <\/p>\n\n\n\n<p>16 septembre, <em><strong>Lavo&rsquo;arts &#8211; Journ\u00e9es du Patrimoine,<\/strong><\/em> Rademont 77440 <\/p>\n\n\n\n<p>4-7 octobre, Mairie du 17\u00e8me, <strong><em>Festival Festif\u00e9e<\/em><\/strong>, Paris &#8211;<strong><mark style=\"background-color:rgba(0, 0, 0, 0)\" class=\"has-inline-color has-luminous-vivid-orange-color\">Prix MARIONNETTES 2023<\/mark><\/strong><\/p>\n\n\n\n<p>11 octobre, Ecole primaire Pierre Boudin,  <strong><em>Conter en plein air \u00e0 la Goutte d&rsquo;Or<\/em><\/strong>, Paris 18<\/p>\n\n\n\n<p>5 novembre, <strong><em>Poppesp\u00ebnnchen<\/em><\/strong>, Lasauvage, Luxembourg <\/p>\n\n\n\n<p>25 novembre 15h, <strong><em>Les Arches citoyennes,<\/em><\/strong><em> salle Reprographie &#8211; Plateau Urbain<\/em>, Paris<\/p>\n\n\n\n<p>6 d\u00e9cembre 11h et 14h30, &nbsp;<strong><em>Mairie de Tournan-en-Brie <\/em><\/strong><\/p>\n\n\n\n<p>20 d\u00e9cembre 14h30, <em><strong>Centre Paris Anim&nbsp;Merc\u0153ur<\/strong><\/em><\/p>\n\n\n\n<p class=\"has-vivid-cyan-blue-color has-text-color\"><strong>La chanson de Pulcinella &#8211; Tourn\u00e9e 2022<\/strong><\/p>\n\n\n\n<p>avec la <em>Cie Les abougazelles cent t\u00eates<\/em> :<\/p>\n\n\n\n<p>18 avril, 15h30, Festival <strong><em>Kiosque en f\u00eate<\/em>,  <\/strong>Jardin Villemin, Paris 10<\/p>\n\n\n\n<p>14 mai, 15h30, Festival <strong><em>Kiosque en f\u00eate<\/em>, <\/strong>Jardin Villemin, Paris 10<\/p>\n\n\n\n<p>29 mai, 15h et 16h, <strong><em>Poppespennchen, <\/em><\/strong>Lasauvage, Luxembourg<\/p>\n\n\n\n<p>14 juin 11h30, <strong><em>Coll\u00e8ge CE<\/em><\/strong>, Montreuil 93<\/p>\n\n\n\n<p>1-3 juillet, <strong><em>EuropePuppetFestiValsesia<\/em><\/strong>, Valsesia, Italie<\/p>\n\n\n\n<p>3 juillet 18h, <strong><em>Festival Burattini alle Serre<\/em><\/strong>, <em>Istituto per i beni marionettistici e il teatro popolare<\/em>, Grugliasco, Italie<\/p>\n\n\n\n<p>25-31 juillet,<strong> <\/strong>Festival <strong><em>Marionnettes dans la nature<\/em>, &nbsp;<\/strong>La Malle aux Libert\u00e9s, 26420 Vassieux en Vercors<\/p>\n\n\n\n<p>23 et 25 ao\u00fbt 15h, <strong><em>Ecole Argenteuil<\/em><\/strong>, Paris<\/p>\n\n\n\n<p>17-18 septembre, Festival <strong><em>Les marionnettes sauvages<\/em>, <\/strong>Lasauvage, Luxembourg<\/p>\n\n\n\n<p>21 septembre 15h, Square L\u00e9on, Festival <strong><em>Conter en plein air \u00e0 la Goutte d&rsquo;Or<\/em> <\/strong><\/p>\n\n\n\n<p class=\"has-vivid-cyan-blue-color has-text-color\"><strong><strong>La chanson de Pulcinella &#8211; Tourn\u00e9e 202<\/strong>1<\/strong><\/p>\n\n\n\n<p>avec la <em>Cie Les abougazelles cent t\u00eates<\/em> :<\/p>\n\n\n\n<p class=\"has-text-color\" style=\"color:#7a929d\"><strong>19 avril 14h, Association <em>Les petits po\u00e8tes<\/em> 75010 Paris <\/strong><\/p>\n\n\n\n<p class=\"has-text-color\" style=\"color:#7a929d\"><strong>8 et 10 juillet  \u00e0 17h, Festival <em>Pionnat dans la rue<\/em>, 23154 Pionnat<\/strong><\/p>\n\n\n\n<p class=\"has-text-color\" style=\"color:#7a929d\"><strong>25 juillet \u00e0 16h, <em>Mairie<\/em>, <a href=\"http:\/\/www.valentinimarionnettes.com\/wp-content\/uploads\/2021\/06\/LesMureaux-Juillet2021.pdf\" data-type=\"URL\" data-id=\"http:\/\/www.valentinimarionnettes.com\/wp-content\/uploads\/2021\/06\/LesMureaux-Juillet2021.pdf\">Festival Tous au Parc<\/a>, Parc de B\u00e8cheville, 78135 Les Mureaux&nbsp;<\/strong><\/p>\n\n\n\n<p class=\"has-text-color\" style=\"color:#7a929d\"><strong>18 -25 septembre<em>, 7 repr\u00e9sentations,  <a href=\"https:\/\/www.off-marionnette.com\/event\/la-chanson-de-pulcinella\/2021-09-18\/\">Festival Mondial des Th\u00e9\u00e2tres de Marionnettes de Charleville-M\u00e9zi\u00e8res<\/a><\/em><\/strong><\/p>\n\n\n\n<p class=\"has-text-color\" style=\"color:#7a929d\"><strong>29 septembre 15h, square Bashung, 75018 Paris, <em>Conter en plein air \u00e0 la Goutte d&rsquo;Or<\/em><\/strong><\/p>\n\n\n\n<p class=\"has-text-color\" style=\"color:#7a929d\"><strong>20 octobre, Biblioth\u00e8que Batignolles, 75017 Paris<\/strong><\/p>\n\n\n\n<p class=\"has-text-color\" style=\"color:#7a929d\"><strong>24 Novembre, 14h et 15h30, <em>Centre de loisirs, <\/em>Ecole 75020 Paris<\/strong><\/p>\n\n\n\n<p class=\"has-text-color\" style=\"color:#7a929d\"><strong>14 D\u00e9cembre, 14h et 15h30 Ecole \u00e9l\u00e9mentaire, 59560 Comines<\/strong><\/p>\n\n\n\n<p class=\"has-text-color\" style=\"color:#7a929d\"><a href=\"http:\/\/www.valentinimarionnettes.com\/wp-content\/uploads\/2021\/12\/affiches-pulcinella-CentreMAdoRobin.jpg\"><strong>12 D\u00e9cembre, 15h30, Centre Paris Anim&rsquo; Mado Robin<\/strong><\/a><\/p>\n\n\n\n<p class=\"has-text-color\" style=\"color:#7a929d\"><strong>17 D\u00e9cembre 17h30, <em>Association CRL10 Ch\u00e2teau Lindon<\/em>, 75010 Paris<\/strong><\/p>\n\n\n\n<p class=\"has-vivid-cyan-blue-color has-luminous-vivid-amber-background-color has-text-color has-background\"><strong>Actions artistiques<\/strong><\/p>\n\n\n\n<p>21-24 mai 2026, <em>muppet en papier Kraft<\/em>, <em>Festival marionnettes sauvages,<\/em> Luxembourg<\/p>\n\n\n\n<p>12 mai 2026, muppet en papier Kraft et langue italienne, <em>Coll\u00e8ge Moli\u00e8re Paris 16<\/em><\/p>\n\n\n\n<p>20-24 avril 2026, marionnettes Showsquares\u00a0au <em>Th\u00e9\u00e2tre aux mains nues, <\/em>Paris 20<\/p>\n\n\n\n<p>24 avril 2026, muppet en papier Kraft, <em>Crea&rsquo;rte<\/em>, Paris 18<\/p>\n\n\n\n<p>15, 21, 28 mars 2026, th\u00e9\u00e2tre avec <em>Les ouvreuses<\/em><\/p>\n\n\n\n<p>23-27 f\u00e9vrier, Th\u00e9\u00e2tre de marionnettes \u00e0 gaine en p\u00e2te \u00e0 bois avec des enfants de 3-5 ans, Apprendre et r\u00eave, Paris <\/p>\n\n\n\n<p>janvier-f\u00e9vrier, 2026, atelier marionnettes, \u00e9cole \u00e9l\u00e9mentaire Mademoiselle Paris 15, <strong>Cie des Inach\u00e9ves<\/strong><\/p>\n\n\n\n<p>21 avril 2025, Th\u00e9\u00e2tre de marionnettes avec des jeunes adultes immigr\u00e9s, <em><strong>Les arches citoyennes, Halte humanitaire et Plateau Urbain<\/strong><\/em><\/p>\n\n\n\n<p>Sept 2024-juillet 2025: Th\u00e9atre de marionnettes aux<strong><em> \u00e9<\/em><\/strong><em><strong>coles \u00e9l\u00e9mentaires Keller, Foyatier et G\u00e9n\u00e9rale Lasalle<\/strong><\/em><\/p>\n\n\n\n<p>30 juin 2024, <em>Th\u00e9\u00e2tre de papier<\/em>, <em><strong>Poppesp\u00ebnnchen<\/strong><\/em>, Lasauvage, Luxembourg<\/p>\n\n\n\n<p>mai-d\u00e9cembre 2024, <em>Souvenirs en jeu<\/em>, spectacle de marionnettes avec les r\u00e9sidents de l&rsquo; <strong><em>Ephad L&rsquo;Or\u00e9e du Bois,<\/em><\/strong> Bois le Roi<\/p>\n\n\n\n<p>14 juillet, <strong><em><strong><em>Th\u00e9\u00e2tre de papier<\/em><\/strong><\/em><\/strong>, <em>Mairie de Gouaix<\/em> 77114<\/p>\n\n\n\n<p>Du 11 au 15 mars 2024, mise en sc\u00e8ne de spectacles de marionnettes avec les \u00e9l\u00e8ves de <strong><em>Coll\u00e8ge NDG<\/em><\/strong>, Paris 13, Pass Culture.<\/p>\n\n\n\n<p>Du 26 au 29 d\u00e9cembre 2023 cr\u00e9ation d&rsquo;un spectacle avec les artistes amateurs,<em><strong>Centre Paris Anim&nbsp;Merc\u0153ur<\/strong><\/em><\/p>\n\n\n\n<p>18 et 19 novembre 2023 : portes ouvertes en partenariat avec la Cie Les abougazelles cent t\u00eates,<strong><em> Paris Local et Plateau Urbain <\/em><\/strong>: visite de l&rsquo;atelier de Valentina aux Arches Citoyennes : exposition de marionnettes et castelets, pr\u00e9sentation de l&rsquo;art de guarattelle napolitaines et petit atelier de construction de marionnettes en papier.<\/p>\n\n\n\n<p>18 et 25 novembre 2023  : marionnettes en papier, <strong><em>Les arches citoyennes, Plateau Urbain<\/em><\/strong><\/p>\n\n\n\n<p>5 novembre 2023  : Marionnettes en papier,  <em><strong>Poppesp\u00ebnnchen<\/strong><\/em>, Luxembourg<\/p>\n\n\n\n<p>23 ao\u00fbt 2023 : Marionnettes en papier, <em><strong>Souppes sur Loing<\/strong><\/em><\/p>\n\n\n\n<p>24-28 juillet 2023 : cr\u00e9ation de spectacle de marionnettes avec les enfants de<strong><em> Base Nature<\/em><\/strong>, Vercors<\/p>\n\n\n\n<p>11\/07\/2023 : Marionnettes en papier, <em><strong>Mairie d&rsquo;Eaubonne<\/strong><\/em><\/p>\n\n\n\n<p>7-21-28 juin 2023 : aide \u00e0 la mise en sc\u00e8ne du spectacle <em>\u00ab\u00a0<em>Quel barnum !<\/em>\u00a0\u00bb <\/em> de la <em><strong>Compagnie Fil de soie<\/strong><\/em><\/p>\n\n\n\n<p>25 juin 2023 : extrait de 10 minutes du spectacle <em>La chanson de Pulcinella<\/em> et cr\u00e9ation de masques en papier avec la<strong><em> Cie Cambalache<\/em><\/strong><\/p>\n\n\n\n<p>22-26 mai 2023 : cr\u00e9ation et mise en sc\u00e8ne marionnettes pour spectacle \u00ab\u00a0Pinocchio\u00a0\u00bb, <strong><em>College Jean Jaur\u00e8s , Vieux-Cond\u00e9 <\/em><\/strong><em>59690<\/em>, Pass culture<\/p>\n\n\n\n<p>20-25 f\u00e9vrier 2023 : Mise en sc\u00e8ne de deux spectacles de marionnettes avec les enfants du <em><strong>Centre Mado Robin<\/strong><\/em> <\/p>\n\n\n\n<p class=\"has-black-color has-text-color\">22 &#8211; 29 octobre 2022 : construction et mise en sc\u00e8ne de marionnettes, <strong><em>Tournan-en-Brie<\/em><\/strong><\/p>\n\n\n\n<p class=\"has-black-color has-text-color\">Du 28\/02 au 04\/03 2022 : rencontres avec les enfants du<strong><em> Centre Mado Robin<\/em><\/strong> autours des arts de la marionnette.<\/p>\n\n\n\n<p class=\"has-black-color has-text-color\">Tous les samedi de janvier \u00e0 mars 2022 :  rencontres avec les adultes en situation d&rsquo;handicap de l&rsquo; association <strong><em>Simon de Cyr\u00e8ne<\/em><\/strong> autours des arts de la marionnette<\/p>\n\n\n\n<p class=\"has-black-color has-text-color\">Tous les lundis de janvier \u00e0 avril 2022 : rencontres avec les adultes de l&rsquo;<em><strong>Association Notre Dame de Bon Secours<\/strong><\/em> autours des arts de la marionnette<\/p>\n\n\n\n<p class=\"has-black-color has-text-color\">Toute l&rsquo;ann\u00e9e scolaire 2021-2022 :  interventions dans les <strong><em>\u00e9coles \u00e9l\u00e9mentaires<\/em><\/strong> de Paris pour les ateliers TAP Th\u00e9\u00e2tre de marionnettes : manipulation et cr\u00e9ation de spectacles.<\/p>\n\n\n\n<p class=\"has-black-color has-text-color\">25 juillet \u00e0 17h30 2021 :  rencontre avec les familles de <strong><em>Les Mureaux<\/em><\/strong> autours des arts de la marionnette.<\/p>\n\n\n\n<p>20 et 21 avril 2021: rencontres avec les familles de l&rsquo;<strong><em>Association Les petits po\u00e8tes<\/em><\/strong><em> <\/em>75010 autours des arts de la marionnette<\/p>\n\n\n\n<p class=\"has-vivid-cyan-blue-color has-luminous-vivid-amber-background-color has-text-color has-background\"><strong>R\u00e9sidences <\/strong><\/p>\n\n\n\n<p><mark style=\"background-color:#0693e3\" class=\"has-inline-color\">R\u00e9sidence de cr\u00e9ation pour le  spectacle <span style=\"color:#cf2e2e\" class=\"tadv-color\"><strong><em>Pucinella mon amour <\/em><\/strong><\/span>avec la Cie Les abougazelles cent t\u00eates<\/mark><\/p>\n\n\n\n<p>12 f\u00e9vrier 2023<em> <a href=\"https:\/\/www.valentinimarionnettes.com\/wp-content\/uploads\/2023\/02\/affiche-pulcinella.jpg\">Sortie de residence<\/a><\/em> <strong>Centre Paris&rsquo;Anim Mado Robin<\/strong><\/p>\n\n\n\n<p>De mars \u00e0 juillet 2022<strong>, Centre Paris Anim&rsquo;Rebeval<\/strong>, Paris 19 <\/p>\n\n\n\n<p>6-13 juillet 2022, <strong>Th\u00e9\u00e2tre aux mains nues, <\/strong>Paris 20<\/p>\n\n\n\n<p>9  septembre 2022, <em>Sortie de residence<\/em>, <strong>Th\u00e9\u00e2tre aux mains nues<\/strong><\/p>\n\n\n\n<p>5-9 septembre 2022, <strong>Th\u00e9\u00e2tre aux mains nues, <\/strong>Paris 20<\/p>\n\n\n\n<p>Du 24 au 28 octobre 2022, <strong>Th\u00e9\u00e2tre<\/strong> <strong>Halle Roublot<\/strong>,&nbsp;94120 Fontenay-sous-bois<\/p>\n\n\n\n<p>31 octobre-4 novembre, <strong>Paris&rsquo;Anim Mado Robin<\/strong><\/p>\n\n\n\n<p>11-14 avril 2023, <strong>Th\u00e9\u00e2tre<\/strong> <strong>Halle Roublot<\/strong>,&nbsp;94120 Fontenay-sous-bois<\/p>\n\n\n\n<p><strong>R\u00e9sidence<strong> de l\u2019<em>Acad\u00e9mie Europ\u00e9enne des Marionnettes de Belfort <\/em>avec le maestro pup<\/strong>i<\/strong> <strong><em>Enzo Mancuso<\/em><\/strong> 23-27 mai 2022, <strong>GRRRANIT Sc\u00e8ne Nationale de Belfort<\/strong><\/p>\n\n\n\n<p><mark style=\"background-color:#0693e3\" class=\"has-inline-color\">R\u00e9sidence de cr\u00e9ation pour le spectacle <span style=\"color:#cf2e2e\" class=\"tadv-color\"><strong><em>Sur les pas de Perrault <\/em><\/strong><\/span><em> <\/em>avec la<em><strong> <\/strong>Compagnie du Lynx<\/em><\/mark><\/p>\n\n\n\n<p>16\/03, 6, 18-21\/04\/2023, <strong>Centre Paris Anim&rsquo;Louis Lumi\u00e8re<\/strong><\/p>\n\n\n\n<p>29-31\/05\/2023 et 01\/01\/2023 avec sortie de R\u00e9sidence le 1\/06\/2023 \u00e0 20h, <strong>Centre Paris Anim&rsquo;Louis Lumi\u00e8re<\/strong> <\/p>\n\n\n\n<p><\/p>\n\n\n\n<p class=\"has-luminous-vivid-orange-color has-text-color\"><\/p>\n\n\n\n<p><br><\/p>\n","protected":false},"excerpt":{"rendered":"<p>Tourn\u00e9e 2026 12 f\u00e9vrier 13h30, Pulcinella mon amour, Cie Les abougazelles cent t\u00eates, Coll\u00e8ge Galois, Sevran 2 avril, 10h et 11h, Doudou, Cie Graines de cailloux, Ferme de Tournelles, Chessy &hellip; <\/p>\n<p class=\"link-more\"><a href=\"https:\/\/www.valentinimarionnettes.com\/fr_fr\/pulcinella-et-le-chien\/\" class=\"more-link\">Continuer la lecture<span class=\"screen-reader-text\"> de &laquo;&nbsp;Dates&nbsp;&raquo;<\/span><\/a><\/p>\n","protected":false},"author":1,"featured_media":0,"parent":0,"menu_order":0,"comment_status":"closed","ping_status":"closed","template":"","meta":{"footnotes":""},"class_list":["post-5","page","type-page","status-publish","hentry"],"_links":{"self":[{"href":"https:\/\/www.valentinimarionnettes.com\/fr_fr\/wp-json\/wp\/v2\/pages\/5","targetHints":{"allow":["GET"]}}],"collection":[{"href":"https:\/\/www.valentinimarionnettes.com\/fr_fr\/wp-json\/wp\/v2\/pages"}],"about":[{"href":"https:\/\/www.valentinimarionnettes.com\/fr_fr\/wp-json\/wp\/v2\/types\/page"}],"author":[{"embeddable":true,"href":"https:\/\/www.valentinimarionnettes.com\/fr_fr\/wp-json\/wp\/v2\/users\/1"}],"replies":[{"embeddable":true,"href":"https:\/\/www.valentinimarionnettes.com\/fr_fr\/wp-json\/wp\/v2\/comments?post=5"}],"version-history":[{"count":191,"href":"https:\/\/www.valentinimarionnettes.com\/fr_fr\/wp-json\/wp\/v2\/pages\/5\/revisions"}],"predecessor-version":[{"id":5599,"href":"https:\/\/www.valentinimarionnettes.com\/fr_fr\/wp-json\/wp\/v2\/pages\/5\/revisions\/5599"}],"wp:attachment":[{"href":"https:\/\/www.valentinimarionnettes.com\/fr_fr\/wp-json\/wp\/v2\/media?parent=5"}],"curies":[{"name":"wp","href":"https:\/\/api.w.org\/{rel}","templated":true}]}}